{"id":18,"date":"2018-02-25T19:46:23","date_gmt":"2018-02-25T18:46:23","guid":{"rendered":"http:\/\/www.bodaik.com\/dev\/?page_id=18"},"modified":"2023-12-20T18:24:53","modified_gmt":"2023-12-20T17:24:53","slug":"fotboll","status":"publish","type":"page","link":"https:\/\/www.bodaik.com\/sida\/fotboll\/","title":{"rendered":"Fotboll"},"content":{"rendered":"\n<p class=\"has-text-align-center\">B\u00f6da\/H\u00f6gby fotboll \u00e4r ett sammarbete mellan B\u00f6da IK och H\u00f6gby IF.<br>F\u00f6r att delta vid v\u00e5ra aktiviteter kr\u00e4vs det d\u00e4rf\u00f6r att du har ett medlemskap i n\u00e5gon av f\u00f6reningarna.<br>Du f\u00e5r v\u00e4ldigt g\u00e4rna vara medlem i b\u00e5da!<\/p>\n\n\n\n<p class=\"has-text-align-center\"><a href=\"https:\/\/www.bodahogby.se\"><strong>Klicka h\u00e4r f\u00f6r att komma till B\u00f6da\/H\u00f6gby Fotbolls hemsida<\/strong><\/a><\/p>\n\n\n\n<p class=\"has-text-align-center\">&nbsp;<\/p>\n","protected":false},"excerpt":{"rendered":"<p>B\u00f6da\/H\u00f6gby fotboll \u00e4r ett sammarbete mellan B\u00f6da IK och H\u00f6gby IF.F\u00f6r att delta vid v\u00e5ra aktiviteter kr\u00e4vs det d\u00e4rf\u00f6r att du har ett medlemskap i n\u00e5gon av f\u00f6reningarna.Du f\u00e5r v\u00e4ldigt g\u00e4rna vara medlem i b\u00e5da! Klicka h\u00e4r f\u00f6r att komma till B\u00f6da\/H\u00f6gby Fotbolls hemsida &nbsp;<\/p>\n","protected":false},"author":1,"featured_media":0,"parent":0,"menu_order":0,"comment_status":"closed","ping_status":"closed","template":"","meta":{"_monsterinsights_skip_tracking":false,"_monsterinsights_sitenote_active":false,"_monsterinsights_sitenote_note":"","_monsterinsights_sitenote_category":0,"footnotes":""},"class_list":["post-18","page","type-page","status-publish","hentry"],"aioseo_notices":[],"_links":{"self":[{"href":"https:\/\/www.bodaik.com\/sida\/wp-json\/wp\/v2\/pages\/18","targetHints":{"allow":["GET"]}}],"collection":[{"href":"https:\/\/www.bodaik.com\/sida\/wp-json\/wp\/v2\/pages"}],"about":[{"href":"https:\/\/www.bodaik.com\/sida\/wp-json\/wp\/v2\/types\/page"}],"author":[{"embeddable":true,"href":"https:\/\/www.bodaik.com\/sida\/wp-json\/wp\/v2\/users\/1"}],"replies":[{"embeddable":true,"href":"https:\/\/www.bodaik.com\/sida\/wp-json\/wp\/v2\/comments?post=18"}],"version-history":[{"count":8,"href":"https:\/\/www.bodaik.com\/sida\/wp-json\/wp\/v2\/pages\/18\/revisions"}],"predecessor-version":[{"id":1151,"href":"https:\/\/www.bodaik.com\/sida\/wp-json\/wp\/v2\/pages\/18\/revisions\/1151"}],"wp:attachment":[{"href":"https:\/\/www.bodaik.com\/sida\/wp-json\/wp\/v2\/media?parent=18"}],"curies":[{"name":"wp","href":"https:\/\/api.w.org\/{rel}","templated":true}]}}