{"id":211,"date":"2018-02-27T09:58:08","date_gmt":"2018-02-27T08:58:08","guid":{"rendered":"http:\/\/www.bodaik.com\/dev\/?page_id=211"},"modified":"2018-02-27T19:05:12","modified_gmt":"2018-02-27T18:05:12","slug":"moteslokal","status":"publish","type":"page","link":"https:\/\/www.bodaik.com\/sida\/moteslokal\/","title":{"rendered":"M\u00f6teslokal"},"content":{"rendered":"<p style=\"text-align: center;\">I klubblokalen f\u00e5r h\u00f6gst 75 personer vistas samtidigt.<br \/>\nDet finns bord och stolar till ert f\u00f6rfogande.<\/p>\n<p style=\"text-align: center;\">Kostnad f\u00f6r att hyra klubblokalen till m\u00f6te eller andra aktiviteter<br \/>\n\u00e4r 500 kr per tillf\u00e4lle.<\/p>\n","protected":false},"excerpt":{"rendered":"<p>I klubblokalen f\u00e5r h\u00f6gst 75 personer vistas samtidigt. Det finns bord och stolar till ert f\u00f6rfogande. Kostnad f\u00f6r att hyra klubblokalen till m\u00f6te eller andra aktiviteter \u00e4r 500 kr per tillf\u00e4lle.<\/p>\n","protected":false},"author":1,"featured_media":0,"parent":0,"menu_order":0,"comment_status":"closed","ping_status":"closed","template":"","meta":{"_monsterinsights_skip_tracking":false,"_monsterinsights_sitenote_active":false,"_monsterinsights_sitenote_note":"","_monsterinsights_sitenote_category":0,"footnotes":""},"class_list":["post-211","page","type-page","status-publish","hentry"],"aioseo_notices":[],"_links":{"self":[{"href":"https:\/\/www.bodaik.com\/sida\/wp-json\/wp\/v2\/pages\/211","targetHints":{"allow":["GET"]}}],"collection":[{"href":"https:\/\/www.bodaik.com\/sida\/wp-json\/wp\/v2\/pages"}],"about":[{"href":"https:\/\/www.bodaik.com\/sida\/wp-json\/wp\/v2\/types\/page"}],"author":[{"embeddable":true,"href":"https:\/\/www.bodaik.com\/sida\/wp-json\/wp\/v2\/users\/1"}],"replies":[{"embeddable":true,"href":"https:\/\/www.bodaik.com\/sida\/wp-json\/wp\/v2\/comments?post=211"}],"version-history":[{"count":3,"href":"https:\/\/www.bodaik.com\/sida\/wp-json\/wp\/v2\/pages\/211\/revisions"}],"predecessor-version":[{"id":251,"href":"https:\/\/www.bodaik.com\/sida\/wp-json\/wp\/v2\/pages\/211\/revisions\/251"}],"wp:attachment":[{"href":"https:\/\/www.bodaik.com\/sida\/wp-json\/wp\/v2\/media?parent=211"}],"curies":[{"name":"wp","href":"https:\/\/api.w.org\/{rel}","templated":true}]}}