{"id":23,"date":"2018-02-25T19:47:18","date_gmt":"2018-02-25T18:47:18","guid":{"rendered":"http:\/\/www.bodaik.com\/dev\/?page_id=23"},"modified":"2023-12-16T09:14:11","modified_gmt":"2023-12-16T08:14:11","slug":"innebandy","status":"publish","type":"page","link":"https:\/\/www.bodaik.com\/sida\/innebandy\/","title":{"rendered":"Innebandy"},"content":{"rendered":"<hr \/>\n<p style=\"text-align: center;\"><strong><a href=\"https:\/\/sv-se.facebook.com\/bodahogbyinnebandy\/\">Klicka h\u00e4r f\u00f6r att komma till B\u00f6da\/H\u00f6gby Innebandys facebook sida<br \/>\nd\u00e4r aktuella tr\u00e4ningstider, spelschema samt annat nyttigt finns.<\/a><\/strong><\/p>\n<hr \/>\n<div id=\"fb-root\"><\/div>\n<p><script>(function(d, s, id) {<br \/>\n  var js, fjs = d.getElementsByTagName(s)[0];<br \/>\n  if (d.getElementById(id)) return;<br \/>\n  js = d.createElement(s); js.id = id;<br \/>\n  js.src = 'https:\/\/connect.facebook.net\/sv_SE\/sdk.js#xfbml=1&version=v2.11';<br \/>\n  fjs.parentNode.insertBefore(js, fjs);<br \/>\n}(document, 'script', 'facebook-jssdk'));<\/script><\/p>\n<div class=\"fb-page\" data-href=\"https:\/\/www.facebook.com\/bodahogbyinnebandy\/\" data-tabs=\"events\" data-width=\"500\" data-height=\"500\" data-small-header=\"false\" data-adapt-container-width=\"true\" data-hide-cover=\"false\" data-show-facepile=\"true\">\n<blockquote class=\"fb-xfbml-parse-ignore\" cite=\"https:\/\/www.facebook.com\/bodahogbyinnebandy\/\">\n<h3 style=\"text-align: center;\"><span style=\"color: revert; font-family: var(--wp--preset--font-family--heading-font); font-size: clamp(3rem, 6vw, 5rem); background-color: var(--wp--preset--color--background);\">F\u00f6r spelare i innebandyn kr\u00e4vs medlemskap i B\u00f6da IK eller H\u00f6gby IF.<\/span><\/h3>\n<\/blockquote>\n<\/div>\n<p style=\"text-align: center;\">Ni f\u00e5r g\u00e4rna vara medlem i b\u00e5da f\u00f6reningarna.<\/p>\n<p style=\"text-align: center;\"><strong><a href=\"http:\/\/idrottonline.se\/HogbyIF\/medlem\">Klicka h\u00e4r f\u00f6r att komma till H\u00f6gby IFs medlemsans\u00f6kan<\/a><\/strong><\/p>\n<p style=\"text-align: center;\"><strong><a href=\"http:\/\/bodaik.com\/sida\/medlemskap\">Klicka h\u00e4r f\u00f6r att komma till B\u00f6da IKs medlemsans\u00f6kan<\/a><\/strong><\/p>\n<h2 style=\"text-align: center;\"><\/h2>\n<p style=\"text-align: center;\">\n","protected":false},"excerpt":{"rendered":"<p>Klicka h\u00e4r f\u00f6r att komma till B\u00f6da\/H\u00f6gby Innebandys facebook sida d\u00e4r aktuella tr\u00e4ningstider, spelschema samt annat nyttigt finns. F\u00f6r spelare i innebandyn kr\u00e4vs medlemskap i B\u00f6da IK eller H\u00f6gby IF. Ni f\u00e5r g\u00e4rna vara medlem i b\u00e5da f\u00f6reningarna. Klicka h\u00e4r f\u00f6r att komma till H\u00f6gby IFs medlemsans\u00f6kan Klicka h\u00e4r f\u00f6r att komma till B\u00f6da IKs [&hellip;]<\/p>\n","protected":false},"author":1,"featured_media":20,"parent":0,"menu_order":0,"comment_status":"closed","ping_status":"closed","template":"","meta":{"_monsterinsights_skip_tracking":false,"_monsterinsights_sitenote_active":false,"_monsterinsights_sitenote_note":"","_monsterinsights_sitenote_category":0,"footnotes":""},"class_list":["post-23","page","type-page","status-publish","has-post-thumbnail","hentry"],"aioseo_notices":[],"_links":{"self":[{"href":"https:\/\/www.bodaik.com\/sida\/wp-json\/wp\/v2\/pages\/23","targetHints":{"allow":["GET"]}}],"collection":[{"href":"https:\/\/www.bodaik.com\/sida\/wp-json\/wp\/v2\/pages"}],"about":[{"href":"https:\/\/www.bodaik.com\/sida\/wp-json\/wp\/v2\/types\/page"}],"author":[{"embeddable":true,"href":"https:\/\/www.bodaik.com\/sida\/wp-json\/wp\/v2\/users\/1"}],"replies":[{"embeddable":true,"href":"https:\/\/www.bodaik.com\/sida\/wp-json\/wp\/v2\/comments?post=23"}],"version-history":[{"count":11,"href":"https:\/\/www.bodaik.com\/sida\/wp-json\/wp\/v2\/pages\/23\/revisions"}],"predecessor-version":[{"id":1157,"href":"https:\/\/www.bodaik.com\/sida\/wp-json\/wp\/v2\/pages\/23\/revisions\/1157"}],"wp:featuredmedia":[{"embeddable":true,"href":"https:\/\/www.bodaik.com\/sida\/wp-json\/wp\/v2\/media\/20"}],"wp:attachment":[{"href":"https:\/\/www.bodaik.com\/sida\/wp-json\/wp\/v2\/media?parent=23"}],"curies":[{"name":"wp","href":"https:\/\/api.w.org\/{rel}","templated":true}]}}