{"id":25,"date":"2018-02-25T19:47:27","date_gmt":"2018-02-25T18:47:27","guid":{"rendered":"http:\/\/www.bodaik.com\/dev\/?page_id=25"},"modified":"2026-01-21T10:32:05","modified_gmt":"2026-01-21T09:32:05","slug":"motion","status":"publish","type":"page","link":"https:\/\/www.bodaik.com\/sida\/motion\/","title":{"rendered":"Motion &#038; Friidrott"},"content":{"rendered":"<p style=\"text-align: center;\"><strong>Sektionen best\u00e5r av: <\/strong><br \/>\n<strong>Liselotte B\u00f6kelund och Hans-G\u00f6ran Gustavsson<\/strong><\/p>\n<h4 style=\"text-align: center;\"><strong>Motion<\/strong><\/h4>\n<h5 style=\"text-align: center;\"><i>F\u00f6r information om vart n\u00e4sta promenad startar kontakta Lotta B p\u00e5 073-141 58 70<\/i><\/h5>\n<h5 style=\"text-align: center;\">Gemensamma l\u00e5ngpromenader varje s\u00f6ndag med samling kl 10.30 v\u00e5r och h\u00f6stterminer!<\/h5>\n<p style=\"text-align: center;\"><strong><br \/>\nB\u00f6da IKs s\u00f6ndagspromenader<br \/>\n<\/strong>&#8211; Vi avslutar med en Bingokv\u00e4ll<br \/>\n&#8211; Fem s\u00f6ndagar ger EN bricka<br \/>\n&#8211; Vi drar en lott varje g\u00e5ng vi deltar och l\u00e4gger ihop alla lottnr.<br \/>\n&#8211; Den som har h\u00f6gsta summan vinner ett litet pris.<br \/>\n&#8211; Vi l\u00e4gger en guldtia varje g\u00e5ng till Julfesten<\/p>\n<p style=\"text-align: center;\"><strong>V\u00e4lkomna \u00f6nskar Lotta B<\/strong><\/p>\n<h4 style=\"text-align: center;\"><strong>B\u00f6da vandringsled<\/strong><\/h4>\n<p style=\"text-align: center;\">\u00d6ver 6 mil l\u00e5ng, g\u00e5r i vacker natur utmed kusten och i skogen. Ett flertal vindskydd med grillplatser finns utmed leden. Se karta.<\/p>\n<p style=\"text-align: center;\"><strong><a href=\"http:\/\/bodaik.com\/jpg\/karta.pdf\">KARTA &#8211; B\u00d6DA VANDRINGSLED &#8211; utskriftsformat i pdf &#8211; klicka h\u00e4r<\/a><\/strong><\/p>\n<h4 style=\"text-align: center;\"><strong>Friidrott<\/strong><\/h4>\n<p style=\"text-align: center;\"><strong>Information:<br \/>\n<\/strong>Vi har k\u00f6pt in l\u00f6parlinnen till v\u00e5ra springare och t\u00e4vlande.<br \/>\nVill du k\u00f6pa ett kontakta Hans-G\u00f6ran, 50 kr\/linne.<\/p>\n<p style=\"text-align: center;\">Ni f\u00e5r v\u00e4ldigt g\u00e4rna meddela H-G Gustafsson 070-519 39 11 eller Marianne 073-40 444 200 n\u00e4r ni deltar i n\u00e5got lopp ute i Sverige eller \u00f6vriga v\u00e4rlden med B\u00f6da IK&#8217;s f\u00e4rger.<br \/>\nS\u00e5 vi kan f\u00e5 med det i \u00e5rsber\u00e4ttelsen.<\/p>\n","protected":false},"excerpt":{"rendered":"<p>Sektionen best\u00e5r av: Liselotte B\u00f6kelund och Hans-G\u00f6ran Gustavsson Motion F\u00f6r information om vart n\u00e4sta promenad startar kontakta Lotta B p\u00e5 073-141 58 70 Gemensamma l\u00e5ngpromenader varje s\u00f6ndag med samling kl 10.30 v\u00e5r och h\u00f6stterminer! B\u00f6da IKs s\u00f6ndagspromenader &#8211; Vi avslutar med en Bingokv\u00e4ll &#8211; Fem s\u00f6ndagar ger EN bricka &#8211; Vi drar en lott varje [&hellip;]<\/p>\n","protected":false},"author":1,"featured_media":87,"parent":0,"menu_order":0,"comment_status":"closed","ping_status":"closed","template":"","meta":{"_monsterinsights_skip_tracking":false,"_monsterinsights_sitenote_active":false,"_monsterinsights_sitenote_note":"","_monsterinsights_sitenote_category":0,"footnotes":""},"class_list":["post-25","page","type-page","status-publish","has-post-thumbnail","hentry"],"aioseo_notices":[],"_links":{"self":[{"href":"https:\/\/www.bodaik.com\/sida\/wp-json\/wp\/v2\/pages\/25","targetHints":{"allow":["GET"]}}],"collection":[{"href":"https:\/\/www.bodaik.com\/sida\/wp-json\/wp\/v2\/pages"}],"about":[{"href":"https:\/\/www.bodaik.com\/sida\/wp-json\/wp\/v2\/types\/page"}],"author":[{"embeddable":true,"href":"https:\/\/www.bodaik.com\/sida\/wp-json\/wp\/v2\/users\/1"}],"replies":[{"embeddable":true,"href":"https:\/\/www.bodaik.com\/sida\/wp-json\/wp\/v2\/comments?post=25"}],"version-history":[{"count":37,"href":"https:\/\/www.bodaik.com\/sida\/wp-json\/wp\/v2\/pages\/25\/revisions"}],"predecessor-version":[{"id":1257,"href":"https:\/\/www.bodaik.com\/sida\/wp-json\/wp\/v2\/pages\/25\/revisions\/1257"}],"wp:featuredmedia":[{"embeddable":true,"href":"https:\/\/www.bodaik.com\/sida\/wp-json\/wp\/v2\/media\/87"}],"wp:attachment":[{"href":"https:\/\/www.bodaik.com\/sida\/wp-json\/wp\/v2\/media?parent=25"}],"curies":[{"name":"wp","href":"https:\/\/api.w.org\/{rel}","templated":true}]}}