{"id":27,"date":"2018-02-25T19:47:38","date_gmt":"2018-02-25T18:47:38","guid":{"rendered":"http:\/\/www.bodaik.com\/dev\/?page_id=27"},"modified":"2026-01-19T15:37:17","modified_gmt":"2026-01-19T14:37:17","slug":"vintersport","status":"publish","type":"page","link":"https:\/\/www.bodaik.com\/sida\/vintersport\/","title":{"rendered":"Vintersport"},"content":{"rendered":"<p style=\"text-align: center;\">Vid sn\u00f6vinter f\u00f6rs\u00f6ker vi preparera skidsp\u00e5r<br \/>\nsom\u00a0utg\u00e5r mittemot\u00a0 B\u00f6da Allhandel och\/eller receptionen vid B\u00f6da Sand.<\/p>\n","protected":false},"excerpt":{"rendered":"<p>Vid sn\u00f6vinter f\u00f6rs\u00f6ker vi preparera skidsp\u00e5r som\u00a0utg\u00e5r mittemot\u00a0 B\u00f6da Allhandel och\/eller receptionen vid B\u00f6da Sand.<\/p>\n","protected":false},"author":1,"featured_media":88,"parent":0,"menu_order":0,"comment_status":"closed","ping_status":"closed","template":"","meta":{"_monsterinsights_skip_tracking":false,"_monsterinsights_sitenote_active":false,"_monsterinsights_sitenote_note":"","_monsterinsights_sitenote_category":0,"footnotes":""},"class_list":["post-27","page","type-page","status-publish","has-post-thumbnail","hentry"],"aioseo_notices":[],"_links":{"self":[{"href":"https:\/\/www.bodaik.com\/sida\/wp-json\/wp\/v2\/pages\/27","targetHints":{"allow":["GET"]}}],"collection":[{"href":"https:\/\/www.bodaik.com\/sida\/wp-json\/wp\/v2\/pages"}],"about":[{"href":"https:\/\/www.bodaik.com\/sida\/wp-json\/wp\/v2\/types\/page"}],"author":[{"embeddable":true,"href":"https:\/\/www.bodaik.com\/sida\/wp-json\/wp\/v2\/users\/1"}],"replies":[{"embeddable":true,"href":"https:\/\/www.bodaik.com\/sida\/wp-json\/wp\/v2\/comments?post=27"}],"version-history":[{"count":3,"href":"https:\/\/www.bodaik.com\/sida\/wp-json\/wp\/v2\/pages\/27\/revisions"}],"predecessor-version":[{"id":1252,"href":"https:\/\/www.bodaik.com\/sida\/wp-json\/wp\/v2\/pages\/27\/revisions\/1252"}],"wp:featuredmedia":[{"embeddable":true,"href":"https:\/\/www.bodaik.com\/sida\/wp-json\/wp\/v2\/media\/88"}],"wp:attachment":[{"href":"https:\/\/www.bodaik.com\/sida\/wp-json\/wp\/v2\/media?parent=27"}],"curies":[{"name":"wp","href":"https:\/\/api.w.org\/{rel}","templated":true}]}}