{"id":272,"date":"2018-02-28T20:26:10","date_gmt":"2018-02-28T19:26:10","guid":{"rendered":"http:\/\/www.bodaik.com\/dev\/?page_id=272"},"modified":"2023-12-16T09:12:53","modified_gmt":"2023-12-16T08:12:53","slug":"idrottsparken-boda","status":"publish","type":"page","link":"https:\/\/www.bodaik.com\/sida\/idrottsparken-boda\/","title":{"rendered":"Idrottsparken B\u00f6da"},"content":{"rendered":"<p style=\"text-align: center;\"><strong>Hitta hit:<\/strong><\/p>\n<p style=\"text-align: center;\"><a href=\"https:\/\/maps.app.goo.gl\/GDB5gtWkPYkqT8t49\">https:\/\/maps.app.goo.gl\/GDB5gtWkPYkqT8t49<\/a><\/p>\n<p style=\"text-align: center;\"><strong>Adress<\/strong>:<br \/>\nIdrottsparken,<br \/>\nLandsv\u00e4gen Norrb\u00f6da 33,<br \/>\n387 73 L\u00f6ttorp<\/p>\n<p style=\"text-align: center;\">\n","protected":false},"excerpt":{"rendered":"<p>Hitta hit: https:\/\/maps.app.goo.gl\/GDB5gtWkPYkqT8t49 Adress: Idrottsparken, Landsv\u00e4gen Norrb\u00f6da 33, 387 73 L\u00f6ttorp<\/p>\n","protected":false},"author":1,"featured_media":0,"parent":0,"menu_order":0,"comment_status":"closed","ping_status":"closed","template":"","meta":{"_monsterinsights_skip_tracking":false,"_monsterinsights_sitenote_active":false,"_monsterinsights_sitenote_note":"","_monsterinsights_sitenote_category":0,"footnotes":""},"class_list":["post-272","page","type-page","status-publish","hentry"],"aioseo_notices":[],"_links":{"self":[{"href":"https:\/\/www.bodaik.com\/sida\/wp-json\/wp\/v2\/pages\/272","targetHints":{"allow":["GET"]}}],"collection":[{"href":"https:\/\/www.bodaik.com\/sida\/wp-json\/wp\/v2\/pages"}],"about":[{"href":"https:\/\/www.bodaik.com\/sida\/wp-json\/wp\/v2\/types\/page"}],"author":[{"embeddable":true,"href":"https:\/\/www.bodaik.com\/sida\/wp-json\/wp\/v2\/users\/1"}],"replies":[{"embeddable":true,"href":"https:\/\/www.bodaik.com\/sida\/wp-json\/wp\/v2\/comments?post=272"}],"version-history":[{"count":6,"href":"https:\/\/www.bodaik.com\/sida\/wp-json\/wp\/v2\/pages\/272\/revisions"}],"predecessor-version":[{"id":1156,"href":"https:\/\/www.bodaik.com\/sida\/wp-json\/wp\/v2\/pages\/272\/revisions\/1156"}],"wp:attachment":[{"href":"https:\/\/www.bodaik.com\/sida\/wp-json\/wp\/v2\/media?parent=272"}],"curies":[{"name":"wp","href":"https:\/\/api.w.org\/{rel}","templated":true}]}}