{"id":33,"date":"2018-02-25T19:49:13","date_gmt":"2018-02-25T18:49:13","guid":{"rendered":"http:\/\/www.bodaik.com\/dev\/?page_id=33"},"modified":"2026-02-05T14:06:05","modified_gmt":"2026-02-05T13:06:05","slug":"medlemskap","status":"publish","type":"page","link":"https:\/\/www.bodaik.com\/sida\/medlemskap\/","title":{"rendered":"Medlemskap"},"content":{"rendered":"\n<h4 class=\"wp-block-heading has-text-align-center\">Medlemsavgift<\/h4>\n\n\n\n<p class=\"has-text-align-center\">Medlemsavgiften \u00e4r 120:- f\u00f6r medlemmar \u00f6ver 16 \u00e5r,<br>under 16 \u00e5r 80:- samt 300:- f\u00f6r familj med barn under 16 \u00e5r.<\/p>\n\n\n\n<p class=\"has-text-align-center\">Betalning av medlemsavgift kan g\u00f6ras p\u00e5 tv\u00e5 s\u00e4tt:<br>Swisha till 123 091 21 47<br>eller betala till bankgiro 821-6467.<\/p>\n\n\n\n<p class=\"has-text-align-center\"><strong>Skriv att din betalning g\u00e4ller medlemsavgift och<br>f\u00f6r vilken eller vilka personer det g\u00e4ller.<\/strong><\/p>\n\n\n\n<hr class=\"wp-block-separator has-alpha-channel-opacity\"\/>\n\n\n\n<h4 class=\"wp-block-heading has-text-align-center\">\u00c4r du ny medlem?<\/h4>\n\n\n\n<p class=\"has-text-align-center\">Ifall du inte varit medlem tidigare i B\u00f6da IK<br>var v\u00e4nlig maila personnummer p\u00e5 de som ska bli<br>medlem, namn, mail och postadress till<br><a href=\"mailto:kansli@bodaik.com\">kansli@bodaik.com<\/a><\/p>\n\n\n\n<p class=\"has-text-align-center\">I samband med att du betalr via Swish eller Bankgiro.<br><strong>V\u00e4lkommen som medlem i B\u00f6da IK!&nbsp;<\/strong><\/p>\n\n\n\n<p class=\"has-text-align-center\">&nbsp;<\/p>\n\n\n\n<hr class=\"wp-block-separator has-alpha-channel-opacity\"\/>\n\n\n\n<figure class=\"wp-block-image size-full\"><img loading=\"lazy\" decoding=\"async\" width=\"780\" height=\"390\" src=\"https:\/\/www.bodaik.com\/sida\/wp-content\/uploads\/2026\/02\/fritidskortet.png\" alt=\"\" class=\"wp-image-1260\" srcset=\"https:\/\/www.bodaik.com\/sida\/wp-content\/uploads\/2026\/02\/fritidskortet.png 780w, https:\/\/www.bodaik.com\/sida\/wp-content\/uploads\/2026\/02\/fritidskortet-768x384.png 768w\" sizes=\"auto, (max-width: 780px) 100vw, 780px\" \/><\/figure>\n\n\n\n<h4 class=\"wp-block-heading has-text-align-center\">Vill du betala med Fritidskortet?<\/h4>\n\n\n\n<figure class=\"wp-block-video aligncenter\"><video height=\"1080\" style=\"aspect-ratio: 1920 \/ 1080;\" width=\"1920\" controls src=\"https:\/\/www.bodaik.com\/sida\/wp-content\/uploads\/2026\/02\/Film_Betala-barnens-aktiviteter-med-Fritidskortet_16x9.mp4\"><\/video><\/figure>\n","protected":false},"excerpt":{"rendered":"<p>Medlemsavgift Medlemsavgiften \u00e4r 120:- f\u00f6r medlemmar \u00f6ver 16 \u00e5r,under 16 \u00e5r 80:- samt 300:- f\u00f6r familj med barn under 16 \u00e5r. Betalning av medlemsavgift kan g\u00f6ras p\u00e5 tv\u00e5 s\u00e4tt:Swisha till 123 091 21 47eller betala till bankgiro 821-6467. Skriv att din betalning g\u00e4ller medlemsavgift ochf\u00f6r vilken eller vilka personer det g\u00e4ller. \u00c4r du ny medlem? [&hellip;]<\/p>\n","protected":false},"author":1,"featured_media":0,"parent":0,"menu_order":0,"comment_status":"closed","ping_status":"closed","template":"","meta":{"_monsterinsights_skip_tracking":false,"_monsterinsights_sitenote_active":false,"_monsterinsights_sitenote_note":"","_monsterinsights_sitenote_category":0,"footnotes":""},"class_list":["post-33","page","type-page","status-publish","hentry"],"aioseo_notices":[],"_links":{"self":[{"href":"https:\/\/www.bodaik.com\/sida\/wp-json\/wp\/v2\/pages\/33","targetHints":{"allow":["GET"]}}],"collection":[{"href":"https:\/\/www.bodaik.com\/sida\/wp-json\/wp\/v2\/pages"}],"about":[{"href":"https:\/\/www.bodaik.com\/sida\/wp-json\/wp\/v2\/types\/page"}],"author":[{"embeddable":true,"href":"https:\/\/www.bodaik.com\/sida\/wp-json\/wp\/v2\/users\/1"}],"replies":[{"embeddable":true,"href":"https:\/\/www.bodaik.com\/sida\/wp-json\/wp\/v2\/comments?post=33"}],"version-history":[{"count":8,"href":"https:\/\/www.bodaik.com\/sida\/wp-json\/wp\/v2\/pages\/33\/revisions"}],"predecessor-version":[{"id":1262,"href":"https:\/\/www.bodaik.com\/sida\/wp-json\/wp\/v2\/pages\/33\/revisions\/1262"}],"wp:attachment":[{"href":"https:\/\/www.bodaik.com\/sida\/wp-json\/wp\/v2\/media?parent=33"}],"curies":[{"name":"wp","href":"https:\/\/api.w.org\/{rel}","templated":true}]}}