{"id":35,"date":"2018-02-25T19:49:53","date_gmt":"2018-02-25T18:49:53","guid":{"rendered":"http:\/\/www.bodaik.com\/dev\/?page_id=35"},"modified":"2023-12-16T09:14:31","modified_gmt":"2023-12-16T08:14:31","slug":"klubblokalen","status":"publish","type":"page","link":"https:\/\/www.bodaik.com\/sida\/klubblokalen\/","title":{"rendered":"Klubbstugan"},"content":{"rendered":"<p style=\"text-align: center;\"><strong>&#8221;SEMESTERBOENDE P\u00c5 NORRA \u00d6LAND&#8221;<\/strong><\/p>\n<p style=\"text-align: center;\">Bo n\u00e4ra B\u00f6dabuktens milsl\u00e5nga sandstrand.<br \/>\nVi hyr ut v\u00e5r fina klubblokal f\u00f6r stora familjer eller kompisg\u00e4nget.<\/p>\n<p style=\"text-align: center;\">Du kan ocks\u00e5 hyra &#8221;Loftet&#8221;. Ett fint krypin med 4 b\u00e4ddar, pentry, dusch &amp; WC. Stor altan.<br \/>\nUnder sommaren f\u00e5r du n\u00e4ra till morgon- och kv\u00e4llsdopp i \u00d6stersj\u00f6n. G\u00e5ngavst\u00e5nd till den fina sandstranden i B\u00f6dabukten &#8211; endast 500 meter!<\/p>\n<p style=\"text-align: center;\">P\u00e5 sommaren lever \u00d6land upp med alla campingar, restauranger, kiosker och allehanda aff\u00e4rer. Norra \u00d6land och B\u00f6da \u00e4r inget undantag det du beh\u00f6ver finns i n\u00e4rheten.<\/p>\n<p style=\"text-align: center;\">Beh\u00f6ver du syssels\u00e4ttning s\u00e5 finns flera campingar ligger i n\u00e4rheten med ett bra utbud tex minigolf, cykeluthyrning, tennis och andar aktiviteter.<\/p>\n<p style=\"text-align: center;\">Du hittar 3 golfbanor inom knappt 2 mil fr\u00e5n B\u00f6da. En \u00e4r dessutom sk &#8221;pay-and-play&#8221;-bana; dvs du beh\u00f6ver inte ha gr\u00f6nt kort f\u00f6r att f\u00e5 spela.<\/p>\n<p style=\"text-align: center;\">V\u00c4LKOMMEN till norra \u00d6land!<\/p>\n<h5 style=\"text-align: center;\">Klubbstugan<\/h5>\n<hr \/>\n<p style=\"text-align: center;\"><strong>Stor sal med soffh\u00f6rna med TV. S\u00e4ngar i salen bakom draperi. Ytterligare 2 separata sovrum med 2 respekt 4 b\u00e4ddar finns.<\/strong><\/p>\n<p style=\"text-align: center;\"><strong>F\u00f6r familj upp till 16 personer<\/strong><\/p>\n<p style=\"text-align: center;\">Fullt utrustat k\u00f6k med diskmaskin.<\/p>\n<p style=\"text-align: center;\">Dusch och WC finns i samma byggnad. Ni f\u00e5r ocks\u00e5 tillg\u00e5ng till stor altan under tak. Dessutom finns egna duschar i separat byggnad. Grillar finns att tillg\u00e5.<\/p>\n<p style=\"text-align: center;\"><strong>UTHYRNING TILL FAMILJ<\/strong><br \/>\n16 personer<\/p>\n<p style=\"text-align: center;\"><strong><a href=\"https:\/\/www.stugknuten.com\/sv\/stuga\/21544\">Priser och tillg\u00e4nglighet\/bokning sker via Stugknuten.com<\/a><\/strong><\/p>\n<p style=\"text-align: center;\">\n","protected":false},"excerpt":{"rendered":"<p>&#8221;SEMESTERBOENDE P\u00c5 NORRA \u00d6LAND&#8221; Bo n\u00e4ra B\u00f6dabuktens milsl\u00e5nga sandstrand. Vi hyr ut v\u00e5r fina klubblokal f\u00f6r stora familjer eller kompisg\u00e4nget. Du kan ocks\u00e5 hyra &#8221;Loftet&#8221;. Ett fint krypin med 4 b\u00e4ddar, pentry, dusch &amp; WC. Stor altan. Under sommaren f\u00e5r du n\u00e4ra till morgon- och kv\u00e4llsdopp i \u00d6stersj\u00f6n. G\u00e5ngavst\u00e5nd till den fina sandstranden i B\u00f6dabukten [&hellip;]<\/p>\n","protected":false},"author":1,"featured_media":0,"parent":0,"menu_order":0,"comment_status":"closed","ping_status":"closed","template":"","meta":{"_monsterinsights_skip_tracking":false,"_monsterinsights_sitenote_active":false,"_monsterinsights_sitenote_note":"","_monsterinsights_sitenote_category":0,"footnotes":""},"class_list":["post-35","page","type-page","status-publish","hentry"],"aioseo_notices":[],"_links":{"self":[{"href":"https:\/\/www.bodaik.com\/sida\/wp-json\/wp\/v2\/pages\/35","targetHints":{"allow":["GET"]}}],"collection":[{"href":"https:\/\/www.bodaik.com\/sida\/wp-json\/wp\/v2\/pages"}],"about":[{"href":"https:\/\/www.bodaik.com\/sida\/wp-json\/wp\/v2\/types\/page"}],"author":[{"embeddable":true,"href":"https:\/\/www.bodaik.com\/sida\/wp-json\/wp\/v2\/users\/1"}],"replies":[{"embeddable":true,"href":"https:\/\/www.bodaik.com\/sida\/wp-json\/wp\/v2\/comments?post=35"}],"version-history":[{"count":14,"href":"https:\/\/www.bodaik.com\/sida\/wp-json\/wp\/v2\/pages\/35\/revisions"}],"predecessor-version":[{"id":1158,"href":"https:\/\/www.bodaik.com\/sida\/wp-json\/wp\/v2\/pages\/35\/revisions\/1158"}],"wp:attachment":[{"href":"https:\/\/www.bodaik.com\/sida\/wp-json\/wp\/v2\/media?parent=35"}],"curies":[{"name":"wp","href":"https:\/\/api.w.org\/{rel}","templated":true}]}}