{"id":39,"date":"2018-02-25T19:50:53","date_gmt":"2018-02-25T18:50:53","guid":{"rendered":"http:\/\/www.bodaik.com\/dev\/?page_id=39"},"modified":"2023-12-16T09:24:03","modified_gmt":"2023-12-16T08:24:03","slug":"taltet","status":"publish","type":"page","link":"https:\/\/www.bodaik.com\/sida\/taltet\/","title":{"rendered":"T\u00e4ltet"},"content":{"rendered":"<p style=\"text-align: center;\"><img loading=\"lazy\" decoding=\"async\" class=\"alignnone size-full wp-image-1168\" src=\"https:\/\/www.bodaik.com\/sida\/wp-content\/uploads\/2023\/12\/IMG_2460.jpeg\" alt=\"\" width=\"452\" height=\"339\" \/><\/p>\n<p style=\"text-align: center;\">T\u00e4lten \u00e4r 10 m breda och varje sektion \u00e4r 5 m l\u00e5ng.<\/p>\n<p style=\"text-align: center;\">Vi s\u00e4tter som minst upp 100 kvm (2 sektioner).<br \/>\nVi har 150 kvm golv.<\/p>\n<p style=\"text-align: center;\">Montering och leverans ing\u00e5r i priset. (Inom 3 mil fr\u00e5n B\u00f6da)<\/p>\n<p style=\"text-align: center;\">Vi hyr \u00e4ven ut bord och stolar:<br \/>\n1 bord + 6 st stolar 150 kr per tillf\u00e4lle<\/p>\n<p style=\"text-align: center;\"><img loading=\"lazy\" decoding=\"async\" class=\"alignnone  wp-image-1167\" src=\"https:\/\/www.bodaik.com\/sida\/wp-content\/uploads\/2023\/12\/IMG_2959-scaled.jpeg\" alt=\"\" width=\"344\" height=\"459\" srcset=\"https:\/\/www.bodaik.com\/sida\/wp-content\/uploads\/2023\/12\/IMG_2959-scaled.jpeg 1920w, https:\/\/www.bodaik.com\/sida\/wp-content\/uploads\/2023\/12\/IMG_2959-768x1024.jpeg 768w, https:\/\/www.bodaik.com\/sida\/wp-content\/uploads\/2023\/12\/IMG_2959-1152x1536.jpeg 1152w, https:\/\/www.bodaik.com\/sida\/wp-content\/uploads\/2023\/12\/IMG_2959-1536x2048.jpeg 1536w\" sizes=\"auto, (max-width: 344px) 100vw, 344px\" \/><\/p>\n<p style=\"text-align: center;\">6 st Mingelbord inkl duk, 110cm h\u00f6ga 500 kr per tillf\u00e4lle<\/p>\n<p style=\"text-align: center;\"><strong>Kontakta Mats f\u00f6r mer info och eventuell tillg\u00e4nglighet 070-5246200<\/strong><\/p>\n","protected":false},"excerpt":{"rendered":"<p>T\u00e4lten \u00e4r 10 m breda och varje sektion \u00e4r 5 m l\u00e5ng. Vi s\u00e4tter som minst upp 100 kvm (2 sektioner). Vi har 150 kvm golv. Montering och leverans ing\u00e5r i priset. (Inom 3 mil fr\u00e5n B\u00f6da) Vi hyr \u00e4ven ut bord och stolar: 1 bord + 6 st stolar 150 kr per tillf\u00e4lle 6 [&hellip;]<\/p>\n","protected":false},"author":1,"featured_media":0,"parent":0,"menu_order":0,"comment_status":"closed","ping_status":"closed","template":"","meta":{"_monsterinsights_skip_tracking":false,"_monsterinsights_sitenote_active":false,"_monsterinsights_sitenote_note":"","_monsterinsights_sitenote_category":0,"footnotes":""},"class_list":["post-39","page","type-page","status-publish","hentry"],"aioseo_notices":[],"_links":{"self":[{"href":"https:\/\/www.bodaik.com\/sida\/wp-json\/wp\/v2\/pages\/39","targetHints":{"allow":["GET"]}}],"collection":[{"href":"https:\/\/www.bodaik.com\/sida\/wp-json\/wp\/v2\/pages"}],"about":[{"href":"https:\/\/www.bodaik.com\/sida\/wp-json\/wp\/v2\/types\/page"}],"author":[{"embeddable":true,"href":"https:\/\/www.bodaik.com\/sida\/wp-json\/wp\/v2\/users\/1"}],"replies":[{"embeddable":true,"href":"https:\/\/www.bodaik.com\/sida\/wp-json\/wp\/v2\/comments?post=39"}],"version-history":[{"count":16,"href":"https:\/\/www.bodaik.com\/sida\/wp-json\/wp\/v2\/pages\/39\/revisions"}],"predecessor-version":[{"id":1169,"href":"https:\/\/www.bodaik.com\/sida\/wp-json\/wp\/v2\/pages\/39\/revisions\/1169"}],"wp:attachment":[{"href":"https:\/\/www.bodaik.com\/sida\/wp-json\/wp\/v2\/media?parent=39"}],"curies":[{"name":"wp","href":"https:\/\/api.w.org\/{rel}","templated":true}]}}