{"id":56,"date":"2018-02-25T20:02:08","date_gmt":"2018-02-25T19:02:08","guid":{"rendered":"http:\/\/www.bodaik.com\/dev\/?page_id=56"},"modified":"2026-01-09T10:28:53","modified_gmt":"2026-01-09T09:28:53","slug":"uthyrning","status":"publish","type":"page","link":"https:\/\/www.bodaik.com\/sida\/uthyrning\/","title":{"rendered":"Att Hyra"},"content":{"rendered":"<p style=\"text-align: center;\"><strong>\u201dSEMESTERBOENDE P\u00c5 NORRA \u00d6LAND\u201d<\/strong><\/p>\n<p style=\"text-align: center;\">Bo n\u00e4ra B\u00f6dabuktens milsl\u00e5nga sandstrand.<\/p>\n<p style=\"text-align: center;\">Vi hyr ut v\u00e5r fina klubblokal till stora familjer eller kompisg\u00e4nget.<\/p>\n<p style=\"text-align: center;\">Du kan ocks\u00e5 hyra \u201dLoftet\u201d. Ett fint krypin med 4 b\u00e4ddar, pentry dusch &amp; WC. Stor altan.<br \/>\nUnder sommaren f\u00e5r du n\u00e4ra till morgon- och kv\u00e4llsdopp i \u00d6stersj\u00f6n. G\u00e5ngavst\u00e5nd till den fina sandstranden i B\u00f6dabukten \u2013 endast 500 meter.<\/p>\n<p style=\"text-align: center;\">P\u00e5 sommaren lever \u00d6land upp med alla campingar, restauranger, kiosker och allehanda aff\u00e4rer. Norra \u00d6land och B\u00f6da \u00e4r inget undantag, det du beh\u00f6ver finns i n\u00e4rheten.<\/p>\n<p style=\"text-align: center;\">Beh\u00f6ver du syssels\u00e4ttning s\u00e5 ligger det flera campingar i n\u00e4rheten med tex minigolf, tennis och cykeluthyrning.<\/p>\n<p style=\"text-align: center;\">Du hittar 3 golfbanor inom knappt 2 mil fr\u00e5n B\u00f6da En \u00e4r dessutom sk \u201dpay-and-play\u201d-bana; dvs du beh\u00f6ver inte ha gr\u00f6nt kort f\u00f6r att f\u00e5 spela.<\/p>\n<p style=\"text-align: center;\">V\u00c4LKOMMEN till norra \u00d6land!<\/p>\n<hr \/>\n<h5 style=\"text-align: center;\"><a href=\"http:\/\/www.bodaik.com\/sida\/loftet\/\">Klicka h\u00e4r f\u00f6r att se information om Loftet<\/a><\/h5>\n<h5 style=\"text-align: center;\"><a href=\"http:\/\/www.bodaik.com\/sida\/klubblokalen\/\">Klicka h\u00e4r f\u00f6r att se information om Klubblokalen<\/a><\/h5>\n<h5 style=\"text-align: center;\"><a href=\"http:\/\/www.bodaik.com\/sida\/taltet\/\">Klicka h\u00e4r f\u00f6r att se information om T\u00e4ltet<\/a><\/h5>\n<p style=\"text-align: center;\">T\u00e4nk p\u00e5 att du kan hyra Klubblokalen f\u00f6r m\u00f6ten och andra aktiviteter \u00e4n boende.<\/p>\n<h5 style=\"text-align: center;\"><a href=\"http:\/\/www.bodaik.com\/sida\/moteslokal\/\">Klicka h\u00e4r f\u00f6r att l\u00e4sa mer om M\u00f6teslokalen<\/a><\/h5>\n","protected":false},"excerpt":{"rendered":"<p>\u201dSEMESTERBOENDE P\u00c5 NORRA \u00d6LAND\u201d Bo n\u00e4ra B\u00f6dabuktens milsl\u00e5nga sandstrand. Vi hyr ut v\u00e5r fina klubblokal till stora familjer eller kompisg\u00e4nget. Du kan ocks\u00e5 hyra \u201dLoftet\u201d. Ett fint krypin med 4 b\u00e4ddar, pentry dusch &amp; WC. Stor altan. Under sommaren f\u00e5r du n\u00e4ra till morgon- och kv\u00e4llsdopp i \u00d6stersj\u00f6n. G\u00e5ngavst\u00e5nd till den fina sandstranden i B\u00f6dabukten [&hellip;]<\/p>\n","protected":false},"author":1,"featured_media":0,"parent":0,"menu_order":0,"comment_status":"closed","ping_status":"closed","template":"","meta":{"_monsterinsights_skip_tracking":false,"_monsterinsights_sitenote_active":false,"_monsterinsights_sitenote_note":"","_monsterinsights_sitenote_category":0,"footnotes":""},"class_list":["post-56","page","type-page","status-publish","hentry"],"aioseo_notices":[],"_links":{"self":[{"href":"https:\/\/www.bodaik.com\/sida\/wp-json\/wp\/v2\/pages\/56","targetHints":{"allow":["GET"]}}],"collection":[{"href":"https:\/\/www.bodaik.com\/sida\/wp-json\/wp\/v2\/pages"}],"about":[{"href":"https:\/\/www.bodaik.com\/sida\/wp-json\/wp\/v2\/types\/page"}],"author":[{"embeddable":true,"href":"https:\/\/www.bodaik.com\/sida\/wp-json\/wp\/v2\/users\/1"}],"replies":[{"embeddable":true,"href":"https:\/\/www.bodaik.com\/sida\/wp-json\/wp\/v2\/comments?post=56"}],"version-history":[{"count":7,"href":"https:\/\/www.bodaik.com\/sida\/wp-json\/wp\/v2\/pages\/56\/revisions"}],"predecessor-version":[{"id":1242,"href":"https:\/\/www.bodaik.com\/sida\/wp-json\/wp\/v2\/pages\/56\/revisions\/1242"}],"wp:attachment":[{"href":"https:\/\/www.bodaik.com\/sida\/wp-json\/wp\/v2\/media?parent=56"}],"curies":[{"name":"wp","href":"https:\/\/api.w.org\/{rel}","templated":true}]}}