{"id":74,"date":"2018-02-25T20:05:13","date_gmt":"2018-02-25T19:05:13","guid":{"rendered":"http:\/\/www.bodaik.com\/dev\/?page_id=74"},"modified":"2026-04-22T16:31:23","modified_gmt":"2026-04-22T14:31:23","slug":"start","status":"publish","type":"page","link":"https:\/\/www.bodaik.com\/sida\/","title":{"rendered":"Start"},"content":{"rendered":"\n<p class=\"has-text-align-center\"><strong>V\u00e4lkommen till B\u00f6da IK<\/strong><br><br>Nu har v\u00e5rterminens aktiviteter b\u00f6rjat igen. <br>Se information om tider&nbsp; mm under respektive sektion i menyn uppe till v\u00e4nster.<br>F\u00f6rutom sektionernas verksamhet kan du \u00e4ven delta i Yoga p\u00e5 m\u00e5ndagar, <br>f\u00f6r info kontakta Marianne Anderson 076-818 10 70 <br>och Linedance \u00e4ven det p\u00e5 m\u00e5ndagar kontakta Margareta Olofsson 070-212 86 40<\/p>\n\n\n\n<p class=\"has-text-align-center\">Vill du hyra klubblokalen f\u00f6r barnkalas eller annan sammankomst <br>kontakta Marianne Nilsson 073-40 444 200<br><\/p>\n\n\n<div class=\"cff-wrapper\">\t<div id=\"cff-visual-header-368222673808879\" class=\"cff-visual-header cff-has-name cff-has-about\">\n\t\t\t\t\t\t<div class=\"cff-header-inner-wrap\">\n\t\t\t\t\t\t\t<div class=\"cff-header-img\">\n\t\t\t\t\t<a href=\"https:\/\/www.facebook.com\/368222673808879\" target=\"_blank\" rel=\"nofollow noopener\" title=\"B\u00f6da IK\"><img decoding=\"async\" src=\"https:\/\/scontent.fgse1-1.fna.fbcdn.net\/v\/t39.30808-1\/294329616_732416531053118_8158455297986340874_n.png?stp=dst-png_s160x160&#038;_nc_cat=104&#038;ccb=1-7&#038;_nc_sid=08baa4&#038;_nc_ohc=hj4CrRuLvd0Q7kNvwGiHJNU&#038;_nc_oc=Adp1mxiedLOCwbhnIh0IXJxTU4Ye77R2Fx2i0On_y88Si51drrRsPmlFtX4kR-x22ik&#038;_nc_zt=24&#038;_nc_ht=scontent.fgse1-1.fna&#038;edm=AJdBtusEAAAA&#038;_nc_gid=agvEr9SR5tgOVXvpyX8MqA&#038;_nc_tpa=Q5bMBQHMpG7vSiGHZWer6XuLyp2BJP6i851KoKoI8BEE7EK8ieUZGXvhj0xy0nrykwEt8OY_W1mYOvLXTA&#038;oh=00_Af2XHpS29HdMfoslNi49MnYAT3zRaIkcBF7sCfwFhrwNqQ&#038;oe=69EB783A\" alt=\"B\u00f6da IK\" data-avatar=\"https:\/\/scontent.fgse1-1.fna.fbcdn.net\/v\/t39.30808-1\/294329616_732416531053118_8158455297986340874_n.png?stp=dst-png_s160x160&#038;_nc_cat=104&#038;ccb=1-7&#038;_nc_sid=08baa4&#038;_nc_ohc=hj4CrRuLvd0Q7kNvwGiHJNU&#038;_nc_oc=Adp1mxiedLOCwbhnIh0IXJxTU4Ye77R2Fx2i0On_y88Si51drrRsPmlFtX4kR-x22ik&#038;_nc_zt=24&#038;_nc_ht=scontent.fgse1-1.fna&#038;edm=AJdBtusEAAAA&#038;_nc_gid=agvEr9SR5tgOVXvpyX8MqA&#038;_nc_tpa=Q5bMBQHMpG7vSiGHZWer6XuLyp2BJP6i851KoKoI8BEE7EK8ieUZGXvhj0xy0nrykwEt8OY_W1mYOvLXTA&#038;oh=00_Af2XHpS29HdMfoslNi49MnYAT3zRaIkcBF7sCfwFhrwNqQ&#038;oe=69EB783A\"><\/a>\n\t\t\t\t<\/div>\n\t\t\t\t\t\t<div class=\"cff-header-text\" >\n\n\t\t\t\t\t\t\t<a href=\"https:\/\/www.facebook.com\/368222673808879\" target=\"_blank\" rel=\"nofollow noopener\" title=\"B\u00f6da IK\" class=\"cff-header-name\"><h3 style=\"font-size:inheritpx;\">B\u00f6da IK<\/h3><\/a>\n\t\t\t\t\t\t\t\t\t\t<div class=\"cff-bio-info\">\n\t\t\t\t\t<span class=\"cff-posts-count\"><svg aria-hidden=\"true\" focusable=\"false\" data-prefix=\"fab\" data-icon=\"facebook-square\" role=\"img\" xmlns=\"http:\/\/www.w3.org\/2000\/svg\" viewBox=\"0 0 448 512\" class=\"svg-inline--fa fa-facebook-square fa-w-14\"><path fill=\"currentColor\" d=\"M400 32H48A48 48 0 0 0 0 80v352a48 48 0 0 0 48 48h137.25V327.69h-63V256h63v-54.64c0-62.15 37-96.48 93.67-96.48 27.14 0 55.52 4.84 55.52 4.84v61h-31.27c-30.81 0-40.42 19.12-40.42 38.73V256h68.78l-11 71.69h-57.78V480H400a48 48 0 0 0 48-48V80a48 48 0 0 0-48-48z\" class=\"\"><\/path><\/svg>150<\/span>\n\t\t\t\t<\/div>\n\t\t\t\t\t\t\t\t\t<\/div>\n\t\t<\/div>\n\t<\/div>\n<div class=\"cff-wrapper-ctn \" ><div id=\"cff\"  class=\"cff cff-list-container cff-masonry masonry-2-tablet cff-masonry-js cff-default-styles  cff-mob-cols-1\"   style=\"width:100%;\"   data-char=\"400\" ><div class=\"cff-posts-wrap\"><div id=\"cff_368222673808879_1707201030241325\" class=\"cff-item cff-photo-post author-b-da-ik\"  style=\"border-bottom: 1px solid #ddd;\">\n\t<div class=\"cff-author\">\n\t<div class=\"cff-author-text\">\n\t\t\t\t\t<div class=\"cff-page-name cff-author-date\" >\n\t\t\t\t<a href=\"https:\/\/facebook.com\/368222673808879\" target=\"_blank\" rel=\"nofollow noopener\" >B\u00f6da IK<\/a>\n\t\t\t\t<span class=\"cff-story\"> <\/span>\n\t\t\t<\/div>\n\t\t\t\n<p class=\"cff-date\" > 2 weeks ago <\/p>\n\t\t\t<\/div>\n\t<div class=\"cff-author-img \" data-avatar=\"https:\/\/scontent.fgse1-1.fna.fbcdn.net\/v\/t39.30808-1\/294329616_732416531053118_8158455297986340874_n.png?stp=cp0_dst-png_p50x50&#038;_nc_cat=104&#038;ccb=1-7&#038;_nc_sid=f907e8&#038;_nc_ohc=hj4CrRuLvd0Q7kNvwGiHJNU&#038;_nc_oc=Adp1mxiedLOCwbhnIh0IXJxTU4Ye77R2Fx2i0On_y88Si51drrRsPmlFtX4kR-x22ik&#038;_nc_zt=24&#038;_nc_ht=scontent.fgse1-1.fna&#038;edm=AKIiGfEEAAAA&#038;_nc_gid=7iEvCqAdI8mYp5JLQlOc-A&#038;_nc_tpa=Q5bMBQF0MqStFbALRsD3nP0QHxxD2LZX57WWOo3p4Yx9GQVH8tyLCJnSdpQnQ-ehYky0NT8TMUlZ_DwwlQ&#038;oh=00_Af1nISo6xOHjjLUAvoi4CnXg0ax4yJ3Pu-181oeKGFqNcA&#038;oe=69EB783A\">\n\t\t<a href=\"https:\/\/facebook.com\/368222673808879\" target=\"_blank\" rel=\"nofollow noopener\" ><img decoding=\"async\" src=\"https:\/\/scontent.fgse1-1.fna.fbcdn.net\/v\/t39.30808-1\/294329616_732416531053118_8158455297986340874_n.png?stp=cp0_dst-png_p50x50&#038;_nc_cat=104&#038;ccb=1-7&#038;_nc_sid=f907e8&#038;_nc_ohc=hj4CrRuLvd0Q7kNvwGiHJNU&#038;_nc_oc=Adp1mxiedLOCwbhnIh0IXJxTU4Ye77R2Fx2i0On_y88Si51drrRsPmlFtX4kR-x22ik&#038;_nc_zt=24&#038;_nc_ht=scontent.fgse1-1.fna&#038;edm=AKIiGfEEAAAA&#038;_nc_gid=7iEvCqAdI8mYp5JLQlOc-A&#038;_nc_tpa=Q5bMBQF0MqStFbALRsD3nP0QHxxD2LZX57WWOo3p4Yx9GQVH8tyLCJnSdpQnQ-ehYky0NT8TMUlZ_DwwlQ&#038;oh=00_Af1nISo6xOHjjLUAvoi4CnXg0ax4yJ3Pu-181oeKGFqNcA&#038;oe=69EB783A\" title=\"B\u00f6da IK\" alt=\"B\u00f6da IK\" width=40 height=40 onerror=\"this.style.display='none'\"><\/a>\n\t<\/div>\n<\/div>\n\n<div class=\"cff-post-text\" >\n\t<span class=\"cff-text\" data-color=\"\">\n\t\t<span class=\"cff-post-desc\"  style=\"font-size:12px;\" >S\u00f6ndag 19 april klockan 9.00 tr\u00e4ffas vi och r\u00e4fsar p\u00e5 B\u00f6da Hamns Camping! \ud83c\udf43 <img class=\"cff-linebreak\" \/><img class=\"cff-linebreak\" \/>Vi bjuder korv, dricka &amp; kaffe!<img class=\"cff-linebreak\" \/><img class=\"cff-linebreak\" \/>Ta med hela familjen, ett glatt hum\u00f6r och r\u00e4fsor s\u00e5 hj\u00e4lps vi \u00e5t! \ud83e\udd17 <\/span>\t\t\t<\/span>\n\t<span class=\"cff-expand\">... <a href=\"#\" style=\"color: #\"><span class=\"cff-more\">See More<\/span><span class=\"cff-less\">See Less<\/span><\/a><\/span>\n\n<\/div>\n\n<p class=\"cff-media-link\">\n\t<a href=\"https:\/\/www.facebook.com\/photo.php?fbid=1688156238812471&#038;set=a.801081557519948&#038;type=3\" target=\"_blank\" style=\"color: #\">\n\t\t<span style=\"padding-right: 5px;\" class=\"fa fas fa-picture-o fa-image\"><\/span>Photo\t<\/a>\n<\/p>\n\t\t<div class=\"cff-post-links\">\n\t\t\t\t\t<a class=\"cff-viewpost-facebook\" href=\"https:\/\/www.facebook.com\/photo.php?fbid=1688156238812471&#038;set=a.801081557519948&#038;type=3\" title=\"View on Facebook\" target=\"_blank\" rel=\"nofollow noopener\" >View on Facebook<\/a>\n\t\t\t\t\t\t\t<div class=\"cff-share-container\">\n\t\t\t\t\t\t\t\t\t<span class=\"cff-dot\" >&middot;<\/span>\n\t\t\t\t\t\t\t\t<a class=\"cff-share-link\" href=\"https:\/\/www.facebook.com\/sharer\/sharer.php?u=https%3A%2F%2Fwww.facebook.com%2Fphoto.php%3Ffbid%3D1688156238812471%26amp%3Bset%3Da.801081557519948%26amp%3Btype%3D3\" title=\"Share\" >Share<\/a>\n\t\t\t\t<p class=\"cff-share-tooltip\">\n\t\t\t\t\t\t\t\t\t\t\t<a href=\"https:\/\/www.facebook.com\/sharer\/sharer.php?u=https%3A%2F%2Fwww.facebook.com%2Fphoto.php%3Ffbid%3D1688156238812471%26amp%3Bset%3Da.801081557519948%26amp%3Btype%3D3\" target=\"_blank\" rel=\"noopener noreferrer\" class=\"cff-facebook-icon\">\n\t\t\t\t\t\t\t<span class=\"fa fab fa-facebook-square\" aria-hidden=\"true\"><\/span>\n\t\t\t\t\t\t\t<span class=\"cff-screenreader\">Share on Facebook<\/span>\n\t\t\t\t\t\t<\/a>\n\t\t\t\t\t\t\t\t\t\t\t<a href=\"https:\/\/twitter.com\/intent\/tweet?text=https%3A%2F%2Fwww.facebook.com%2Fphoto.php%3Ffbid%3D1688156238812471%26amp%3Bset%3Da.801081557519948%26amp%3Btype%3D3\" target=\"_blank\" rel=\"noopener noreferrer\" class=\"cff-twitter-icon\">\n\t\t\t\t\t\t\t<span class=\"fa fab fa-twitter\" aria-hidden=\"true\"><\/span>\n\t\t\t\t\t\t\t<span class=\"cff-screenreader\">Share on Twitter<\/span>\n\t\t\t\t\t\t<\/a>\n\t\t\t\t\t\t\t\t\t\t\t<a href=\"https:\/\/www.linkedin.com\/shareArticle?mini=true&#038;url=https%3A%2F%2Fwww.facebook.com%2Fphoto.php%3Ffbid%3D1688156238812471%26amp%3Bset%3Da.801081557519948%26amp%3Btype%3D3&#038;title=%09%09%09S%C3%B6ndag%2019%20april%20klockan%209.00%20tr%C3%A4ffas%20vi%20och%20r%C3%A4fsar%20p%C3%A5%20B%C3%B6da%20Hamns%20Camping%21%20%F0%9F%8D%83%20Vi%20bjuder%20korv%2C%20dricka%20%26amp%3B%20kaffe%21Ta%20med%20hela%20familjen%2C%20ett%20glatt%20hum%C3%B6r%20och%20r%C3%A4fsor%20s%C3%A5%20hj%C3%A4lps%20vi%20%C3%A5t%21%20%F0%9F%A4%97%20%09%09%09%09\" target=\"_blank\" rel=\"noopener noreferrer\" class=\"cff-linkedin-icon\">\n\t\t\t\t\t\t\t<span class=\"fa fab fa-linkedin\" aria-hidden=\"true\"><\/span>\n\t\t\t\t\t\t\t<span class=\"cff-screenreader\">Share on Linked In<\/span>\n\t\t\t\t\t\t<\/a>\n\t\t\t\t\t\t\t\t\t\t\t<a href=\"mailto:?subject=Facebook&#038;body=https%3A%2F%2Fwww.facebook.com%2Fphoto.php%3Ffbid%3D1688156238812471%26amp%3Bset%3Da.801081557519948%26amp%3Btype%3D3%20-%20%0A%0A%09%0A%09%09S%C3%B6ndag%2019%20april%20klockan%209.00%20tr%C3%A4ffas%20vi%20och%20r%C3%A4fsar%20p%C3%A5%20B%C3%B6da%20Hamns%20Camping%21%20%F0%9F%8D%83%20Vi%20bjuder%20korv%2C%20dricka%20%26amp%3B%20kaffe%21Ta%20med%20hela%20familjen%2C%20ett%20glatt%20hum%C3%B6r%20och%20r%C3%A4fsor%20s%C3%A5%20hj%C3%A4lps%20vi%20%C3%A5t%21%20%F0%9F%A4%97%20%09%09%09%0A%09\" target=\"_blank\" rel=\"noopener noreferrer\" class=\"cff-email-icon\">\n\t\t\t\t\t\t\t<span class=\"fa fab fa-envelope\" aria-hidden=\"true\"><\/span>\n\t\t\t\t\t\t\t<span class=\"cff-screenreader\">Share by Email<\/span>\n\t\t\t\t\t\t<\/a>\n\t\t\t\t\t\t\t\t\t<\/p>\n\t\t\t<\/div>\n\t\t\t<\/div>\n\t<\/div>\n\n\n\n<div id=\"cff_368222673808879_1688156292145799\" class=\"cff-item cff-photo-post author-b-da-ik\"  style=\"border-bottom: 1px solid #ddd;\">\n\t<div class=\"cff-author\">\n\t<div class=\"cff-author-text\">\n\t\t\t\t\t<div class=\"cff-page-name cff-author-date\" >\n\t\t\t\t<a href=\"https:\/\/facebook.com\/368222673808879\" target=\"_blank\" rel=\"nofollow noopener\" >B\u00f6da IK<\/a>\n\t\t\t\t<span class=\"cff-story\"> <\/span>\n\t\t\t<\/div>\n\t\t\t\n<p class=\"cff-date\" > 1 month ago <\/p>\n\t\t\t<\/div>\n\t<div class=\"cff-author-img \" data-avatar=\"https:\/\/scontent.fgse1-1.fna.fbcdn.net\/v\/t39.30808-1\/294329616_732416531053118_8158455297986340874_n.png?stp=cp0_dst-png_p50x50&#038;_nc_cat=104&#038;ccb=1-7&#038;_nc_sid=f907e8&#038;_nc_ohc=hj4CrRuLvd0Q7kNvwGiHJNU&#038;_nc_oc=Adp1mxiedLOCwbhnIh0IXJxTU4Ye77R2Fx2i0On_y88Si51drrRsPmlFtX4kR-x22ik&#038;_nc_zt=24&#038;_nc_ht=scontent.fgse1-1.fna&#038;edm=AKIiGfEEAAAA&#038;_nc_gid=7iEvCqAdI8mYp5JLQlOc-A&#038;_nc_tpa=Q5bMBQF0MqStFbALRsD3nP0QHxxD2LZX57WWOo3p4Yx9GQVH8tyLCJnSdpQnQ-ehYky0NT8TMUlZ_DwwlQ&#038;oh=00_Af1nISo6xOHjjLUAvoi4CnXg0ax4yJ3Pu-181oeKGFqNcA&#038;oe=69EB783A\">\n\t\t<a href=\"https:\/\/facebook.com\/368222673808879\" target=\"_blank\" rel=\"nofollow noopener\" ><img decoding=\"async\" src=\"https:\/\/scontent.fgse1-1.fna.fbcdn.net\/v\/t39.30808-1\/294329616_732416531053118_8158455297986340874_n.png?stp=cp0_dst-png_p50x50&#038;_nc_cat=104&#038;ccb=1-7&#038;_nc_sid=f907e8&#038;_nc_ohc=hj4CrRuLvd0Q7kNvwGiHJNU&#038;_nc_oc=Adp1mxiedLOCwbhnIh0IXJxTU4Ye77R2Fx2i0On_y88Si51drrRsPmlFtX4kR-x22ik&#038;_nc_zt=24&#038;_nc_ht=scontent.fgse1-1.fna&#038;edm=AKIiGfEEAAAA&#038;_nc_gid=7iEvCqAdI8mYp5JLQlOc-A&#038;_nc_tpa=Q5bMBQF0MqStFbALRsD3nP0QHxxD2LZX57WWOo3p4Yx9GQVH8tyLCJnSdpQnQ-ehYky0NT8TMUlZ_DwwlQ&#038;oh=00_Af1nISo6xOHjjLUAvoi4CnXg0ax4yJ3Pu-181oeKGFqNcA&#038;oe=69EB783A\" title=\"B\u00f6da IK\" alt=\"B\u00f6da IK\" width=40 height=40 onerror=\"this.style.display='none'\"><\/a>\n\t<\/div>\n<\/div>\n\n<div class=\"cff-post-text\" >\n\t<span class=\"cff-text\" data-color=\"\">\n\t\tS\u00f6ndag 19 april klockan 9.00 tr\u00e4ffas vi och r\u00e4fsar p\u00e5 B\u00f6da Hamns Camping! \ud83c\udf43 <img class=\"cff-linebreak\" \/><img class=\"cff-linebreak\" \/>Vi bjuder korv, dricka &amp; kaffe!<img class=\"cff-linebreak\" \/><img class=\"cff-linebreak\" \/>Ta med hela familjen, ett glatt hum\u00f6r och r\u00e4fsor s\u00e5 hj\u00e4lps vi \u00e5t! \ud83e\udd17\t\t\t<\/span>\n\t<span class=\"cff-expand\">... <a href=\"#\" style=\"color: #\"><span class=\"cff-more\">See More<\/span><span class=\"cff-less\">See Less<\/span><\/a><\/span>\n\n<\/div>\n\n<p class=\"cff-media-link\">\n\t<a href=\"https:\/\/www.facebook.com\/photo.php?fbid=1688156238812471&#038;set=a.801081557519948&#038;type=3\" target=\"_blank\" style=\"color: #\">\n\t\t<span style=\"padding-right: 5px;\" class=\"fa fas fa-picture-o fa-image\"><\/span>Photo\t<\/a>\n<\/p>\n\t\t<div class=\"cff-post-links\">\n\t\t\t\t\t<a class=\"cff-viewpost-facebook\" href=\"https:\/\/www.facebook.com\/photo.php?fbid=1688156238812471&#038;set=a.801081557519948&#038;type=3\" title=\"View on Facebook\" target=\"_blank\" rel=\"nofollow noopener\" >View on Facebook<\/a>\n\t\t\t\t\t\t\t<div class=\"cff-share-container\">\n\t\t\t\t\t\t\t\t\t<span class=\"cff-dot\" >&middot;<\/span>\n\t\t\t\t\t\t\t\t<a class=\"cff-share-link\" href=\"https:\/\/www.facebook.com\/sharer\/sharer.php?u=https%3A%2F%2Fwww.facebook.com%2Fphoto.php%3Ffbid%3D1688156238812471%26amp%3Bset%3Da.801081557519948%26amp%3Btype%3D3\" title=\"Share\" >Share<\/a>\n\t\t\t\t<p class=\"cff-share-tooltip\">\n\t\t\t\t\t\t\t\t\t\t\t<a href=\"https:\/\/www.facebook.com\/sharer\/sharer.php?u=https%3A%2F%2Fwww.facebook.com%2Fphoto.php%3Ffbid%3D1688156238812471%26amp%3Bset%3Da.801081557519948%26amp%3Btype%3D3\" target=\"_blank\" rel=\"noopener noreferrer\" class=\"cff-facebook-icon\">\n\t\t\t\t\t\t\t<span class=\"fa fab fa-facebook-square\" aria-hidden=\"true\"><\/span>\n\t\t\t\t\t\t\t<span class=\"cff-screenreader\">Share on Facebook<\/span>\n\t\t\t\t\t\t<\/a>\n\t\t\t\t\t\t\t\t\t\t\t<a href=\"https:\/\/twitter.com\/intent\/tweet?text=https%3A%2F%2Fwww.facebook.com%2Fphoto.php%3Ffbid%3D1688156238812471%26amp%3Bset%3Da.801081557519948%26amp%3Btype%3D3\" target=\"_blank\" rel=\"noopener noreferrer\" class=\"cff-twitter-icon\">\n\t\t\t\t\t\t\t<span class=\"fa fab fa-twitter\" aria-hidden=\"true\"><\/span>\n\t\t\t\t\t\t\t<span class=\"cff-screenreader\">Share on Twitter<\/span>\n\t\t\t\t\t\t<\/a>\n\t\t\t\t\t\t\t\t\t\t\t<a href=\"https:\/\/www.linkedin.com\/shareArticle?mini=true&#038;url=https%3A%2F%2Fwww.facebook.com%2Fphoto.php%3Ffbid%3D1688156238812471%26amp%3Bset%3Da.801081557519948%26amp%3Btype%3D3&#038;title=%09%09%09S%C3%B6ndag%2019%20april%20klockan%209.00%20tr%C3%A4ffas%20vi%20och%20r%C3%A4fsar%20p%C3%A5%20B%C3%B6da%20Hamns%20Camping%21%20%F0%9F%8D%83%20Vi%20bjuder%20korv%2C%20dricka%20%26amp%3B%20kaffe%21Ta%20med%20hela%20familjen%2C%20ett%20glatt%20hum%C3%B6r%20och%20r%C3%A4fsor%20s%C3%A5%20hj%C3%A4lps%20vi%20%C3%A5t%21%20%F0%9F%A4%97%09%09%09%09\" target=\"_blank\" rel=\"noopener noreferrer\" class=\"cff-linkedin-icon\">\n\t\t\t\t\t\t\t<span class=\"fa fab fa-linkedin\" aria-hidden=\"true\"><\/span>\n\t\t\t\t\t\t\t<span class=\"cff-screenreader\">Share on Linked In<\/span>\n\t\t\t\t\t\t<\/a>\n\t\t\t\t\t\t\t\t\t\t\t<a href=\"mailto:?subject=Facebook&#038;body=https%3A%2F%2Fwww.facebook.com%2Fphoto.php%3Ffbid%3D1688156238812471%26amp%3Bset%3Da.801081557519948%26amp%3Btype%3D3%20-%20%0A%0A%09%0A%09%09S%C3%B6ndag%2019%20april%20klockan%209.00%20tr%C3%A4ffas%20vi%20och%20r%C3%A4fsar%20p%C3%A5%20B%C3%B6da%20Hamns%20Camping%21%20%F0%9F%8D%83%20Vi%20bjuder%20korv%2C%20dricka%20%26amp%3B%20kaffe%21Ta%20med%20hela%20familjen%2C%20ett%20glatt%20hum%C3%B6r%20och%20r%C3%A4fsor%20s%C3%A5%20hj%C3%A4lps%20vi%20%C3%A5t%21%20%F0%9F%A4%97%09%09%09%0A%09\" target=\"_blank\" rel=\"noopener noreferrer\" class=\"cff-email-icon\">\n\t\t\t\t\t\t\t<span class=\"fa fab fa-envelope\" aria-hidden=\"true\"><\/span>\n\t\t\t\t\t\t\t<span class=\"cff-screenreader\">Share by Email<\/span>\n\t\t\t\t\t\t<\/a>\n\t\t\t\t\t\t\t\t\t<\/p>\n\t\t\t<\/div>\n\t\t\t<\/div>\n\t<\/div>\n\n\n\n<div id=\"cff_368222673808879_1636407577320671\" class=\"cff-item cff-status-post author-b-da-ik\"  style=\"border-bottom: 1px solid #ddd;\">\n\t<div class=\"cff-author\">\n\t<div class=\"cff-author-text\">\n\t\t\t\t\t<div class=\"cff-page-name cff-author-date\" >\n\t\t\t\t<a href=\"https:\/\/facebook.com\/368222673808879\" target=\"_blank\" rel=\"nofollow noopener\" >B\u00f6da IK<\/a>\n\t\t\t\t<span class=\"cff-story\"> <\/span>\n\t\t\t<\/div>\n\t\t\t\n<p class=\"cff-date\" > 3 months ago <\/p>\n\t\t\t<\/div>\n\t<div class=\"cff-author-img \" data-avatar=\"https:\/\/scontent.fgse1-1.fna.fbcdn.net\/v\/t39.30808-1\/294329616_732416531053118_8158455297986340874_n.png?stp=cp0_dst-png_p50x50&#038;_nc_cat=104&#038;ccb=1-7&#038;_nc_sid=f907e8&#038;_nc_ohc=hj4CrRuLvd0Q7kNvwGiHJNU&#038;_nc_oc=Adp1mxiedLOCwbhnIh0IXJxTU4Ye77R2Fx2i0On_y88Si51drrRsPmlFtX4kR-x22ik&#038;_nc_zt=24&#038;_nc_ht=scontent.fgse1-1.fna&#038;edm=AKIiGfEEAAAA&#038;_nc_gid=7iEvCqAdI8mYp5JLQlOc-A&#038;_nc_tpa=Q5bMBQF0MqStFbALRsD3nP0QHxxD2LZX57WWOo3p4Yx9GQVH8tyLCJnSdpQnQ-ehYky0NT8TMUlZ_DwwlQ&#038;oh=00_Af1nISo6xOHjjLUAvoi4CnXg0ax4yJ3Pu-181oeKGFqNcA&#038;oe=69EB783A\">\n\t\t<a href=\"https:\/\/facebook.com\/368222673808879\" target=\"_blank\" rel=\"nofollow noopener\" ><img decoding=\"async\" src=\"https:\/\/scontent.fgse1-1.fna.fbcdn.net\/v\/t39.30808-1\/294329616_732416531053118_8158455297986340874_n.png?stp=cp0_dst-png_p50x50&#038;_nc_cat=104&#038;ccb=1-7&#038;_nc_sid=f907e8&#038;_nc_ohc=hj4CrRuLvd0Q7kNvwGiHJNU&#038;_nc_oc=Adp1mxiedLOCwbhnIh0IXJxTU4Ye77R2Fx2i0On_y88Si51drrRsPmlFtX4kR-x22ik&#038;_nc_zt=24&#038;_nc_ht=scontent.fgse1-1.fna&#038;edm=AKIiGfEEAAAA&#038;_nc_gid=7iEvCqAdI8mYp5JLQlOc-A&#038;_nc_tpa=Q5bMBQF0MqStFbALRsD3nP0QHxxD2LZX57WWOo3p4Yx9GQVH8tyLCJnSdpQnQ-ehYky0NT8TMUlZ_DwwlQ&#038;oh=00_Af1nISo6xOHjjLUAvoi4CnXg0ax4yJ3Pu-181oeKGFqNcA&#038;oe=69EB783A\" title=\"B\u00f6da IK\" alt=\"B\u00f6da IK\" width=40 height=40 onerror=\"this.style.display='none'\"><\/a>\n\t<\/div>\n<\/div>\n\t<div class=\"cff-post-links\">\n\t\t\t\t\t<a class=\"cff-viewpost-facebook\" href=\"https:\/\/facebook.com\/368222673808879\" title=\"View on Facebook\" target=\"_blank\" rel=\"nofollow noopener\" >View on Facebook<\/a>\n\t\t\t\t\t\t\t<div class=\"cff-share-container\">\n\t\t\t\t\t\t\t\t\t<span class=\"cff-dot\" >&middot;<\/span>\n\t\t\t\t\t\t\t\t<a class=\"cff-share-link\" href=\"https:\/\/www.facebook.com\/sharer\/sharer.php?u=https%3A%2F%2Ffacebook.com%2F368222673808879\" title=\"Share\" >Share<\/a>\n\t\t\t\t<p class=\"cff-share-tooltip\">\n\t\t\t\t\t\t\t\t\t\t\t<a href=\"https:\/\/www.facebook.com\/sharer\/sharer.php?u=https%3A%2F%2Ffacebook.com%2F368222673808879\" target=\"_blank\" rel=\"noopener noreferrer\" class=\"cff-facebook-icon\">\n\t\t\t\t\t\t\t<span class=\"fa fab fa-facebook-square\" aria-hidden=\"true\"><\/span>\n\t\t\t\t\t\t\t<span class=\"cff-screenreader\">Share on Facebook<\/span>\n\t\t\t\t\t\t<\/a>\n\t\t\t\t\t\t\t\t\t\t\t<a href=\"https:\/\/twitter.com\/intent\/tweet?text=https%3A%2F%2Ffacebook.com%2F368222673808879\" target=\"_blank\" rel=\"noopener noreferrer\" class=\"cff-twitter-icon\">\n\t\t\t\t\t\t\t<span class=\"fa fab fa-twitter\" aria-hidden=\"true\"><\/span>\n\t\t\t\t\t\t\t<span class=\"cff-screenreader\">Share on Twitter<\/span>\n\t\t\t\t\t\t<\/a>\n\t\t\t\t\t\t\t\t\t\t\t<a href=\"https:\/\/www.linkedin.com\/shareArticle?mini=true&#038;url=https%3A%2F%2Ffacebook.com%2F368222673808879&#038;title=\" target=\"_blank\" rel=\"noopener noreferrer\" class=\"cff-linkedin-icon\">\n\t\t\t\t\t\t\t<span class=\"fa fab fa-linkedin\" aria-hidden=\"true\"><\/span>\n\t\t\t\t\t\t\t<span class=\"cff-screenreader\">Share on Linked In<\/span>\n\t\t\t\t\t\t<\/a>\n\t\t\t\t\t\t\t\t\t\t\t<a href=\"mailto:?subject=Facebook&#038;body=https%3A%2F%2Ffacebook.com%2F368222673808879%20-%20\" target=\"_blank\" rel=\"noopener noreferrer\" class=\"cff-email-icon\">\n\t\t\t\t\t\t\t<span class=\"fa fab fa-envelope\" aria-hidden=\"true\"><\/span>\n\t\t\t\t\t\t\t<span class=\"cff-screenreader\">Share by Email<\/span>\n\t\t\t\t\t\t<\/a>\n\t\t\t\t\t\t\t\t\t<\/p>\n\t\t\t<\/div>\n\t\t\t<\/div>\n\t<\/div>\n\n\n\n\n<div class=\"cff-likebox cff-bottom\" >\n\t\t<iframe title=\"Likebox Iframe\" src=\"\" class=\"fb_iframe_widget\" data-likebox-id=\"368222673808879\" data-likebox-width=\"300\" data-likebox-header=\"\" data-hide-cover=\"\" data-hide-cta=\"\" data-likebox-faces=\"\" data-height=\"130\" data-locale=\"sv_SE\" scrolling=\"no\" allowTransparency=\"true\" allow=\"encrypted-media\" ><\/iframe>\n<\/div>\n<\/div><input class=\"cff-pag-url\" type=\"hidden\" data-locatornonce=\"4b1230210e\" data-cff-shortcode=\"{&quot;feed&quot;: &quot;1&quot;}\" data-post-id=\"74\" data-feed-id=\"368222673808879\"><\/div><\/div><div class=\"cff-clear\"><\/div><\/div>","protected":false},"excerpt":{"rendered":"<p>V\u00e4lkommen till B\u00f6da IK Nu har v\u00e5rterminens aktiviteter b\u00f6rjat igen. Se information om tider&nbsp; mm under respektive sektion i menyn uppe till v\u00e4nster.F\u00f6rutom sektionernas verksamhet kan du \u00e4ven delta i Yoga p\u00e5 m\u00e5ndagar, f\u00f6r info kontakta Marianne Anderson 076-818 10 70 och Linedance \u00e4ven det p\u00e5 m\u00e5ndagar kontakta Margareta Olofsson 070-212 86 40 Vill du [&hellip;]<\/p>\n","protected":false},"author":1,"featured_media":0,"parent":0,"menu_order":0,"comment_status":"closed","ping_status":"closed","template":"","meta":{"_monsterinsights_skip_tracking":false,"_monsterinsights_sitenote_active":false,"_monsterinsights_sitenote_note":"","_monsterinsights_sitenote_category":0,"footnotes":""},"class_list":["post-74","page","type-page","status-publish","hentry"],"aioseo_notices":[],"_links":{"self":[{"href":"https:\/\/www.bodaik.com\/sida\/wp-json\/wp\/v2\/pages\/74","targetHints":{"allow":["GET"]}}],"collection":[{"href":"https:\/\/www.bodaik.com\/sida\/wp-json\/wp\/v2\/pages"}],"about":[{"href":"https:\/\/www.bodaik.com\/sida\/wp-json\/wp\/v2\/types\/page"}],"author":[{"embeddable":true,"href":"https:\/\/www.bodaik.com\/sida\/wp-json\/wp\/v2\/users\/1"}],"replies":[{"embeddable":true,"href":"https:\/\/www.bodaik.com\/sida\/wp-json\/wp\/v2\/comments?post=74"}],"version-history":[{"count":143,"href":"https:\/\/www.bodaik.com\/sida\/wp-json\/wp\/v2\/pages\/74\/revisions"}],"predecessor-version":[{"id":1271,"href":"https:\/\/www.bodaik.com\/sida\/wp-json\/wp\/v2\/pages\/74\/revisions\/1271"}],"wp:attachment":[{"href":"https:\/\/www.bodaik.com\/sida\/wp-json\/wp\/v2\/media?parent=74"}],"curies":[{"name":"wp","href":"https:\/\/api.w.org\/{rel}","templated":true}]}}