{"id":850,"date":"2020-01-23T12:32:27","date_gmt":"2020-01-23T11:32:27","guid":{"rendered":"http:\/\/www.bodaik.com\/?page_id=850"},"modified":"2020-01-23T12:33:34","modified_gmt":"2020-01-23T11:33:34","slug":"lager","status":"publish","type":"page","link":"https:\/\/www.bodaik.com\/sida\/lager\/","title":{"rendered":"L\u00e4ger"},"content":{"rendered":"<p style=\"text-align: center;\">\n<p style=\"text-align: center;\"><strong>Stor sal med soffh\u00f6rna med TV. S\u00e4ngar i salen bakom draperi. Ytterligare 2 separata sovrum med 2 respekt 4 b\u00e4ddar finns.<\/strong><\/p>\n<p style=\"text-align: center;\"><strong>F\u00f6r tr\u00e4ningsl\u00e4ger max 28 personer<\/strong><\/p>\n<p style=\"text-align: center;\">Fullt utrustat k\u00f6k med diskmaskin.<\/p>\n<p style=\"text-align: center;\">Dusch och WC finns i samma byggnad. Ni f\u00e5r ocks\u00e5 tillg\u00e5ng till stor altan under tak. Dessutom finns egna duschar i separat byggnad. Grillar finns att tillg\u00e5.<\/p>\n<p style=\"text-align: center;\">\n<p style=\"text-align: center;\">\n<p style=\"text-align: center;\"><strong>Priser:<\/strong><\/p>\n<p style=\"text-align: center;\">L\u00e4gerskolor:<br \/>\n150:-\/person o dygn<\/p>\n<p style=\"text-align: center;\">Tr\u00e4ningsl\u00e4ger:<br \/>\n200:-\/person o dygn inkl planhyra<\/p>\n<p style=\"text-align: center;\">\n","protected":false},"excerpt":{"rendered":"<p>Stor sal med soffh\u00f6rna med TV. S\u00e4ngar i salen bakom draperi. Ytterligare 2 separata sovrum med 2 respekt 4 b\u00e4ddar finns. F\u00f6r tr\u00e4ningsl\u00e4ger max 28 personer Fullt utrustat k\u00f6k med diskmaskin. Dusch och WC finns i samma byggnad. Ni f\u00e5r ocks\u00e5 tillg\u00e5ng till stor altan under tak. Dessutom finns egna duschar i separat byggnad. Grillar [&hellip;]<\/p>\n","protected":false},"author":2,"featured_media":0,"parent":0,"menu_order":0,"comment_status":"closed","ping_status":"closed","template":"","meta":{"_monsterinsights_skip_tracking":false,"_monsterinsights_sitenote_active":false,"_monsterinsights_sitenote_note":"","_monsterinsights_sitenote_category":0,"footnotes":""},"class_list":["post-850","page","type-page","status-publish","hentry"],"aioseo_notices":[],"_links":{"self":[{"href":"https:\/\/www.bodaik.com\/sida\/wp-json\/wp\/v2\/pages\/850","targetHints":{"allow":["GET"]}}],"collection":[{"href":"https:\/\/www.bodaik.com\/sida\/wp-json\/wp\/v2\/pages"}],"about":[{"href":"https:\/\/www.bodaik.com\/sida\/wp-json\/wp\/v2\/types\/page"}],"author":[{"embeddable":true,"href":"https:\/\/www.bodaik.com\/sida\/wp-json\/wp\/v2\/users\/2"}],"replies":[{"embeddable":true,"href":"https:\/\/www.bodaik.com\/sida\/wp-json\/wp\/v2\/comments?post=850"}],"version-history":[{"count":2,"href":"https:\/\/www.bodaik.com\/sida\/wp-json\/wp\/v2\/pages\/850\/revisions"}],"predecessor-version":[{"id":853,"href":"https:\/\/www.bodaik.com\/sida\/wp-json\/wp\/v2\/pages\/850\/revisions\/853"}],"wp:attachment":[{"href":"https:\/\/www.bodaik.com\/sida\/wp-json\/wp\/v2\/media?parent=850"}],"curies":[{"name":"wp","href":"https:\/\/api.w.org\/{rel}","templated":true}]}}